{"id":2671,"date":"2021-05-16T19:34:54","date_gmt":"2021-05-16T17:34:54","guid":{"rendered":"http:\/\/linefashion.fr\/?post_type=product&#038;p=2671"},"modified":"2024-12-20T01:06:36","modified_gmt":"2024-12-20T00:06:36","slug":"robe-leopard-a-2-poches-interieures-taille-s","status":"publish","type":"product","link":"https:\/\/linefashion.fr\/index.php\/produit\/robe-leopard-a-2-poches-interieures-taille-s\/","title":{"rendered":"Robe l\u00e9opard \u00e0 2 poches int\u00e9rieures taille S"},"content":{"rendered":"<p>Existe aussi en taille en taille M, L.<\/p>\n<p>&nbsp;<\/p>\n<p>Merci de <a href=\"https:\/\/linefashion.fr\/index.php\/contact-us\/\">me contacter<\/a>.<\/p>\n","protected":false},"excerpt":{"rendered":"<p>Existe aussi en taille en taille M, L. &nbsp; Merci de me contacter.<\/p>\n","protected":false},"featured_media":2628,"comment_status":"open","ping_status":"closed","template":"","meta":[],"_links":{"self":[{"href":"https:\/\/linefashion.fr\/index.php\/wp-json\/wp\/v2\/product\/2671"}],"collection":[{"href":"https:\/\/linefashion.fr\/index.php\/wp-json\/wp\/v2\/product"}],"about":[{"href":"https:\/\/linefashion.fr\/index.php\/wp-json\/wp\/v2\/types\/product"}],"replies":[{"embeddable":true,"href":"https:\/\/linefashion.fr\/index.php\/wp-json\/wp\/v2\/comments?post=2671"}],"version-history":[{"count":1,"href":"https:\/\/linefashion.fr\/index.php\/wp-json\/wp\/v2\/product\/2671\/revisions"}],"predecessor-version":[{"id":2672,"href":"https:\/\/linefashion.fr\/index.php\/wp-json\/wp\/v2\/product\/2671\/revisions\/2672"}],"wp:featuredmedia":[{"embeddable":true,"href":"https:\/\/linefashion.fr\/index.php\/wp-json\/wp\/v2\/media\/2628"}],"wp:attachment":[{"href":"https:\/\/linefashion.fr\/index.php\/wp-json\/wp\/v2\/media?parent=2671"}],"curies":[{"name":"wp","href":"https:\/\/api.w.org\/{rel}","templated":true}]}}