{"id":2653,"date":"2021-05-16T19:04:23","date_gmt":"2021-05-16T17:04:23","guid":{"rendered":"http:\/\/linefashion.fr\/?post_type=product&#038;p=2653"},"modified":"2021-05-16T19:12:12","modified_gmt":"2021-05-16T17:12:12","slug":"ensemble-jaune-bandage-de-s-a-xl","status":"publish","type":"product","link":"https:\/\/linefashion.fr\/index.php\/produit\/ensemble-jaune-bandage-de-s-a-xl\/","title":{"rendered":"Ensemble jaune bandage taille S"},"content":{"rendered":"<p>Existe aussi en bleu clair, noir, gris, rouge, rose pale, violet et vert.<\/p>\n<p>De la taille XS \u00e0 XXL.<\/p>\n<p>N&rsquo;h\u00e9sitez pas \u00e0 me <a href=\"https:\/\/linefashion.fr\/index.php\/contact-us\/\">contacter<\/a>.<\/p>\n","protected":false},"excerpt":{"rendered":"<p>Existe aussi en bleu clair, noir, gris, rouge, rose pale, violet et vert. De la taille XS \u00e0 XXL. N&rsquo;h\u00e9sitez pas \u00e0 me contacter.<\/p>\n","protected":false},"featured_media":2635,"comment_status":"open","ping_status":"closed","template":"","meta":[],"_links":{"self":[{"href":"https:\/\/linefashion.fr\/index.php\/wp-json\/wp\/v2\/product\/2653"}],"collection":[{"href":"https:\/\/linefashion.fr\/index.php\/wp-json\/wp\/v2\/product"}],"about":[{"href":"https:\/\/linefashion.fr\/index.php\/wp-json\/wp\/v2\/types\/product"}],"replies":[{"embeddable":true,"href":"https:\/\/linefashion.fr\/index.php\/wp-json\/wp\/v2\/comments?post=2653"}],"version-history":[{"count":3,"href":"https:\/\/linefashion.fr\/index.php\/wp-json\/wp\/v2\/product\/2653\/revisions"}],"predecessor-version":[{"id":2656,"href":"https:\/\/linefashion.fr\/index.php\/wp-json\/wp\/v2\/product\/2653\/revisions\/2656"}],"wp:featuredmedia":[{"embeddable":true,"href":"https:\/\/linefashion.fr\/index.php\/wp-json\/wp\/v2\/media\/2635"}],"wp:attachment":[{"href":"https:\/\/linefashion.fr\/index.php\/wp-json\/wp\/v2\/media?parent=2653"}],"curies":[{"name":"wp","href":"https:\/\/api.w.org\/{rel}","templated":true}]}}