{"id":2651,"date":"2021-05-16T19:00:14","date_gmt":"2021-05-16T17:00:14","guid":{"rendered":"http:\/\/linefashion.fr\/?post_type=product&#038;p=2651"},"modified":"2022-08-21T11:59:43","modified_gmt":"2022-08-21T09:59:43","slug":"chemise-bleue-ou-noire-en-taille-s-m-l-xl","status":"publish","type":"product","link":"https:\/\/linefashion.fr\/index.php\/produit\/chemise-bleue-ou-noire-en-taille-s-m-l-xl\/","title":{"rendered":"Chemise bleue en taille S"},"content":{"rendered":"<p>Existe aussi en noire et de la taille XS \u00e0 4XL.<\/p>\n<p>N&rsquo;h\u00e9sitez pas \u00e0 me <a href=\"https:\/\/linefashion.fr\/index.php\/contact-us\/\">contacter<\/a>.<\/p>\n","protected":false},"excerpt":{"rendered":"<p>Existe aussi en noire et de la taille XS \u00e0 4XL. N&rsquo;h\u00e9sitez pas \u00e0 me contacter.<\/p>\n","protected":false},"featured_media":2638,"comment_status":"open","ping_status":"closed","template":"","meta":[],"_links":{"self":[{"href":"https:\/\/linefashion.fr\/index.php\/wp-json\/wp\/v2\/product\/2651"}],"collection":[{"href":"https:\/\/linefashion.fr\/index.php\/wp-json\/wp\/v2\/product"}],"about":[{"href":"https:\/\/linefashion.fr\/index.php\/wp-json\/wp\/v2\/types\/product"}],"replies":[{"embeddable":true,"href":"https:\/\/linefashion.fr\/index.php\/wp-json\/wp\/v2\/comments?post=2651"}],"version-history":[{"count":3,"href":"https:\/\/linefashion.fr\/index.php\/wp-json\/wp\/v2\/product\/2651\/revisions"}],"predecessor-version":[{"id":2658,"href":"https:\/\/linefashion.fr\/index.php\/wp-json\/wp\/v2\/product\/2651\/revisions\/2658"}],"wp:featuredmedia":[{"embeddable":true,"href":"https:\/\/linefashion.fr\/index.php\/wp-json\/wp\/v2\/media\/2638"}],"wp:attachment":[{"href":"https:\/\/linefashion.fr\/index.php\/wp-json\/wp\/v2\/media?parent=2651"}],"curies":[{"name":"wp","href":"https:\/\/api.w.org\/{rel}","templated":true}]}}